{"id":146,"date":"2025-02-28T18:15:16","date_gmt":"2025-02-28T17:15:16","guid":{"rendered":"http:\/\/www.conte-sauvage.com\/?page_id=146"},"modified":"2025-03-01T17:46:16","modified_gmt":"2025-03-01T16:46:16","slug":"conte-sauvage","status":"publish","type":"page","link":"https:\/\/www.conte-sauvage.com\/","title":{"rendered":"Conte sauvage"},"content":{"rendered":"\n<div class=\"wp-block-columns is-layout-flex wp-container-core-columns-is-layout-28f84493 wp-block-columns-is-layout-flex\">\n<div class=\"wp-block-column is-layout-flow wp-block-column-is-layout-flow\" style=\"flex-basis:33.33%\">\n<p>Les contes sont un chant puissant qui r\u00e9sonne dans nos c\u0153urs.<br>Les contes ont le pouvoir de venir toucher notre \u00eatre le plus profond par le d\u00e9tour du r\u00e9cit imaginaire, en mettant de c\u00f4t\u00e9 tout d\u00e9corticage intellectuel, en laissant simplement les mots courir sur nous.<\/p>\n<\/div>\n\n\n\n<div class=\"wp-block-column is-layout-flow wp-block-column-is-layout-flow\" style=\"flex-basis:66.66%\">\n<figure class=\"wp-block-image size-large\"><img loading=\"lazy\" decoding=\"async\" width=\"1024\" height=\"745\" src=\"https:\/\/www.conte-sauvage.com\/wp-content\/uploads\/2025\/02\/tableau-Conte-sauvage-1024x745.jpg\" alt=\"\" class=\"wp-image-26\" srcset=\"https:\/\/www.conte-sauvage.com\/wp-content\/uploads\/2025\/02\/tableau-Conte-sauvage-1024x745.jpg 1024w, https:\/\/www.conte-sauvage.com\/wp-content\/uploads\/2025\/02\/tableau-Conte-sauvage-300x218.jpg 300w, https:\/\/www.conte-sauvage.com\/wp-content\/uploads\/2025\/02\/tableau-Conte-sauvage-768x559.jpg 768w, https:\/\/www.conte-sauvage.com\/wp-content\/uploads\/2025\/02\/tableau-Conte-sauvage-1536x1118.jpg 1536w, https:\/\/www.conte-sauvage.com\/wp-content\/uploads\/2025\/02\/tableau-Conte-sauvage-2048x1490.jpg 2048w\" sizes=\"(max-width: 1024px) 100vw, 1024px\" \/><\/figure>\n<\/div>\n<\/div>\n\n\n\n<h3 class=\"wp-block-heading\">Conte sauvage est une offre polymorphe autour de l&rsquo;univers du conte.<\/h3>\n\n\n\n<p>\u00c9criture, animation d&rsquo;ateliers collectifs ou individuels, coaching,\u2026&nbsp;Elle est destin\u00e9e aux adultes ayant gard\u00e9 un c\u0153ur d\u2019enfant ou l\u2019envie de se reconnecter avec l\u2019\u00e9merveillement.<\/p>\n\n\n\n<h3 class=\"wp-block-heading\">Pourquoi \u00ab\u00a0sauvage\u00a0\u00bb ?<\/h3>\n\n\n\n<div class=\"wp-block-columns is-layout-flex wp-container-core-columns-is-layout-28f84493 wp-block-columns-is-layout-flex\">\n<div class=\"wp-block-column is-layout-flow wp-block-column-is-layout-flow\" style=\"flex-basis:66.66%\">\n<figure class=\"wp-block-image size-large\"><img loading=\"lazy\" decoding=\"async\" width=\"1024\" height=\"853\" src=\"https:\/\/www.conte-sauvage.com\/wp-content\/uploads\/2025\/03\/Tableau-Les-Chevauchees-1024x853.jpg\" alt=\"\" class=\"wp-image-226\" srcset=\"https:\/\/www.conte-sauvage.com\/wp-content\/uploads\/2025\/03\/Tableau-Les-Chevauchees-1024x853.jpg 1024w, https:\/\/www.conte-sauvage.com\/wp-content\/uploads\/2025\/03\/Tableau-Les-Chevauchees-300x250.jpg 300w, https:\/\/www.conte-sauvage.com\/wp-content\/uploads\/2025\/03\/Tableau-Les-Chevauchees-768x640.jpg 768w, https:\/\/www.conte-sauvage.com\/wp-content\/uploads\/2025\/03\/Tableau-Les-Chevauchees-1536x1279.jpg 1536w, https:\/\/www.conte-sauvage.com\/wp-content\/uploads\/2025\/03\/Tableau-Les-Chevauchees-1297x1080.jpg 1297w, https:\/\/www.conte-sauvage.com\/wp-content\/uploads\/2025\/03\/Tableau-Les-Chevauchees.jpg 1895w\" sizes=\"(max-width: 1024px) 100vw, 1024px\" \/><\/figure>\n<\/div>\n\n\n\n<div class=\"wp-block-column is-layout-flow wp-block-column-is-layout-flow\" style=\"flex-basis:33.33%\">\n<p>Les contes sont libres et ne se laissent pas enfermer dans une interpr\u00e9tation.<br>Ils r\u00e9v\u00e8lent et r\u00e9veillent notre nature.<br>Comme les arbres de la for\u00eat, ils grandissent en nous.<br>Comme les loups, ils sont \u00e0 la fois f\u00e9roces, protecteurs et tendres.<br>C\u2019est notre histoire \u00e0 apprivoiser.<\/p>\n<\/div>\n<\/div>\n\n\n\n<p><\/p>\n\n\n\n<p>D\u00e9couvrez mes offres<\/p>\n\n\n\n<div class=\"wp-block-columns is-layout-flex wp-container-core-columns-is-layout-28f84493 wp-block-columns-is-layout-flex\">\n<div class=\"wp-block-column is-layout-flow wp-block-column-is-layout-flow\"><\/div>\n\n\n\n<div class=\"wp-block-column is-layout-flow wp-block-column-is-layout-flow\"><\/div>\n\n\n\n<div class=\"wp-block-column is-layout-flow wp-block-column-is-layout-flow\"><\/div>\n<\/div>\n\n\n\n<p><\/p>\n\n\n\n<pre class=\"wp-block-verse\"><\/pre>\n\n\n\n<p><\/p>\n","protected":false},"excerpt":{"rendered":"<p>Les contes sont un chant puissant qui r\u00e9sonne dans nos c\u0153urs.Les contes ont le pouvoir de venir toucher notre \u00eatre le plus profond par le d\u00e9tour du r\u00e9cit imaginaire, en mettant de c\u00f4t\u00e9 tout d\u00e9corticage intellectuel, en laissant simplement les mots courir sur nous. Conte sauvage est une offre polymorphe autour de l&rsquo;univers du conte. [&hellip;]<\/p>\n","protected":false},"author":1,"featured_media":0,"parent":0,"menu_order":1,"comment_status":"closed","ping_status":"closed","template":"","meta":{"saved_in_kubio":false,"footnotes":""},"class_list":["post-146","page","type-page","status-publish","hentry"],"kubio_ai_page_context":{"short_desc":"","purpose":"general"},"_links":{"self":[{"href":"https:\/\/www.conte-sauvage.com\/index.php\/wp-json\/wp\/v2\/pages\/146","targetHints":{"allow":["GET"]}}],"collection":[{"href":"https:\/\/www.conte-sauvage.com\/index.php\/wp-json\/wp\/v2\/pages"}],"about":[{"href":"https:\/\/www.conte-sauvage.com\/index.php\/wp-json\/wp\/v2\/types\/page"}],"author":[{"embeddable":true,"href":"https:\/\/www.conte-sauvage.com\/index.php\/wp-json\/wp\/v2\/users\/1"}],"replies":[{"embeddable":true,"href":"https:\/\/www.conte-sauvage.com\/index.php\/wp-json\/wp\/v2\/comments?post=146"}],"version-history":[{"count":12,"href":"https:\/\/www.conte-sauvage.com\/index.php\/wp-json\/wp\/v2\/pages\/146\/revisions"}],"predecessor-version":[{"id":253,"href":"https:\/\/www.conte-sauvage.com\/index.php\/wp-json\/wp\/v2\/pages\/146\/revisions\/253"}],"wp:attachment":[{"href":"https:\/\/www.conte-sauvage.com\/index.php\/wp-json\/wp\/v2\/media?parent=146"}],"curies":[{"name":"wp","href":"https:\/\/api.w.org\/{rel}","templated":true}]}}