{"id":152,"date":"2025-03-01T09:47:47","date_gmt":"2025-03-01T08:47:47","guid":{"rendered":"http:\/\/www.conte-sauvage.com\/?page_id=152"},"modified":"2025-03-01T17:53:24","modified_gmt":"2025-03-01T16:53:24","slug":"conte-personnalise","status":"publish","type":"page","link":"https:\/\/www.conte-sauvage.com\/index.php\/conte-personnalise\/","title":{"rendered":"Conte personnalis\u00e9"},"content":{"rendered":"\n<div class=\"wp-block-columns is-layout-flex wp-container-core-columns-is-layout-28f84493 wp-block-columns-is-layout-flex\">\n<div class=\"wp-block-column is-layout-flow wp-block-column-is-layout-flow\">\n<h3 class=\"wp-block-heading\">Et si votre histoire inspirait un conte ? <\/h3>\n\n\n\n<p>Je vous propose de vous \u00e9couter, de partager un moment de v\u00e9rit\u00e9 puis de me laisser inspirer par votre histoire.<br>Je vous propose de cr\u00e9er pour vous votre Conte sauvage.<br>Un conte inspir\u00e9 de votre histoire et \u00e9crit sp\u00e9cifiquement pour vous.<\/p>\n\n\n\n<h3 class=\"wp-block-heading\">\u00c0 qui sont destin\u00e9s les contes sauvages ?<\/h3>\n\n\n\n<p>Les Contes sauvages s\u2019adressent \u00e0 tout adolescent ou adulte qui souhaite se r\u00e9approprier son histoire par le biais de l\u2019imaginaire.<br>Ils sont destin\u00e9s \u00e0 toute personne pr\u00eate \u00e0 faire l\u2019exp\u00e9rience de confier son histoire \u00e0 une inconnue pour d\u00e9couvrir le conte magique qui peut surgir de cette rencontre.<\/p>\n<\/div>\n\n\n\n<div class=\"wp-block-column is-layout-flow wp-block-column-is-layout-flow\">\n<figure class=\"wp-block-image size-large\"><img loading=\"lazy\" decoding=\"async\" width=\"768\" height=\"1024\" src=\"https:\/\/www.conte-sauvage.com\/wp-content\/uploads\/2025\/02\/SV101261-768x1024.jpg\" alt=\"\" class=\"wp-image-25\" srcset=\"https:\/\/www.conte-sauvage.com\/wp-content\/uploads\/2025\/02\/SV101261-768x1024.jpg 768w, https:\/\/www.conte-sauvage.com\/wp-content\/uploads\/2025\/02\/SV101261-225x300.jpg 225w, https:\/\/www.conte-sauvage.com\/wp-content\/uploads\/2025\/02\/SV101261-1152x1536.jpg 1152w, https:\/\/www.conte-sauvage.com\/wp-content\/uploads\/2025\/02\/SV101261-1536x2048.jpg 1536w, https:\/\/www.conte-sauvage.com\/wp-content\/uploads\/2025\/02\/SV101261.jpg 1704w\" sizes=\"(max-width: 768px) 100vw, 768px\" \/><\/figure>\n<\/div>\n<\/div>\n\n\n\n<h3 class=\"wp-block-heading\"><\/h3>\n\n\n\n<h3 class=\"wp-block-heading\">Les grandes \u00e9tapes du d\u00e9roul\u00e9 :&nbsp;<\/h3>\n\n\n\n<p>Le Conte sauvage commence par un entretien d\u2019environ 3h, l\u2019auteure cr\u00e9ant un conte en s\u2019inspirant des faits et \u00e9motions r\u00e9colt\u00e9s.<\/p>\n\n\n\n<p><strong>1- Phase d\u2019exploration<\/strong><br>2 et 4h \u00e0 passer ensemble pour que je collecte les graines qui feront le conte, dans un endroit calme o\u00f9 vous vous sentez bien.<br>Ce moment est informel m\u00eame si j\u2019ai un questionnaire.<br>Tout ce que vous me dites reste entre nous.<\/p>\n\n\n\n<p><strong>2- Phase de d\u00e9cantation<\/strong><br>Je n\u2019ai pas de trame pr\u00e9-\u00e9crite sur laquelle il me suffira de mettre votre pr\u00e9nom ; par ailleurs le conte sauvage n\u2019est pas un r\u00e9cit de votre histoire, il en est inspir\u00e9.<br>J\u2019ai donc besoin de temps pour laisser pousser les graines r\u00e9colt\u00e9es.<br>Ce temps ne peut pas \u00eatre d\u00e9fini \u00e0 l\u2019avance ; mais peut aller jusqu\u2019\u00e0 3 mois.<\/p>\n\n\n\n<p><strong>3- Phase d\u2019\u00e9criture<\/strong><br>Quand les graines sont devenues des ch\u00e2teaux, des princes, des sorci\u00e8res, des animaux qui parlent\u2026 J\u2019\u00e9cris.<\/p>\n\n\n\n<p><strong>4- Envoi du Conte sauvage<\/strong><br>Une fois fini, je vous envoie le Conte sauvage imprim\u00e9.<br>Je vous laisse alors le d\u00e9couvrir et lui donner un titre pour le faire v\u00f4tre d\u00e9finitivement.<br>Je serais ravie que vous partagiez ce titre avec moi.<\/p>\n\n\n\n<p><\/p>\n\n\n\n<p><\/p>\n\n\n\n<p><\/p>\n\n\n\n<p><\/p>\n\n\n\n<div class=\"wp-block-columns is-layout-flex wp-container-core-columns-is-layout-28f84493 wp-block-columns-is-layout-flex\">\n<div class=\"wp-block-column is-layout-flow wp-block-column-is-layout-flow\">\n<h3 class=\"wp-block-heading\">Et les comptes ? <\/h3>\n\n\n\n<p>Le forfait pour la r\u00e9alisation de ce conte cr\u00e9\u00e9 de toutes pi\u00e8ces pour vous est de 250\u20ac.<br>Cela correspond au temps n\u00e9cessaire \u00e0 l\u2019entretien et \u00e0 l\u2019\u00e9criture soit un forfait de 10h de travail (25\u20ac\/h).<br>Le temps de r\u00e9flexion pour trouver la trame du conte est offert.<\/p>\n\n\n\n<p>La r\u00e9tribution se fait apr\u00e8s l\u2019entretien.<br><br>\u00c0 noter : l\u2019auteure se r\u00e9serve le droit de faire publier le conte, sous r\u00e9serve de changer les noms des personnages.<\/p>\n<\/div>\n\n\n\n<div class=\"wp-block-column is-layout-flow wp-block-column-is-layout-flow\">\n<figure class=\"wp-block-image size-large\"><img loading=\"lazy\" decoding=\"async\" width=\"1024\" height=\"1024\" src=\"https:\/\/www.conte-sauvage.com\/wp-content\/uploads\/2025\/02\/IMG_0376-1024x1024.jpeg\" alt=\"\" class=\"wp-image-32\" srcset=\"https:\/\/www.conte-sauvage.com\/wp-content\/uploads\/2025\/02\/IMG_0376-1024x1024.jpeg 1024w, https:\/\/www.conte-sauvage.com\/wp-content\/uploads\/2025\/02\/IMG_0376-300x300.jpeg 300w, https:\/\/www.conte-sauvage.com\/wp-content\/uploads\/2025\/02\/IMG_0376-150x150.jpeg 150w, https:\/\/www.conte-sauvage.com\/wp-content\/uploads\/2025\/02\/IMG_0376-768x768.jpeg 768w, https:\/\/www.conte-sauvage.com\/wp-content\/uploads\/2025\/02\/IMG_0376-1536x1536.jpeg 1536w, https:\/\/www.conte-sauvage.com\/wp-content\/uploads\/2025\/02\/IMG_0376-2048x2048.jpeg 2048w\" sizes=\"(max-width: 1024px) 100vw, 1024px\" \/><\/figure>\n<\/div>\n<\/div>\n\n\n\n<h3 class=\"wp-block-heading\"><\/h3>\n\n\n\n<p><\/p>\n\n\n\n<p><\/p>\n\n\n\n<blockquote class=\"wp-block-quote is-layout-flow wp-block-quote-is-layout-flow\">\n<p>Et si vous apprivoisiez votre histoire gr\u00e2ce au d\u00e9tour de l\u2019imaginaire ? Et si le conte vous faisait porter un nouveau regard sur des \u00e9v\u00e9nements de votre vie ?<\/p>\n<\/blockquote>\n\n\n\n<p>Contactez-moi pour en savoir plus \u00e0\u00a0<a href=\"mailto:eloise@conte-sauvage.com\">eloise@conte-sauvage.com<\/a>.<\/p>\n\n\n\n<p><\/p>\n\n\n\n<p><\/p>\n","protected":false},"excerpt":{"rendered":"<p>Et si votre histoire inspirait un conte ? Je vous propose de vous \u00e9couter, de partager un moment de v\u00e9rit\u00e9 puis de me laisser inspirer par votre histoire.Je vous propose de cr\u00e9er pour vous votre Conte sauvage.Un conte inspir\u00e9 de votre histoire et \u00e9crit sp\u00e9cifiquement pour vous. \u00c0 qui sont destin\u00e9s les contes sauvages ? [&hellip;]<\/p>\n","protected":false},"author":1,"featured_media":0,"parent":0,"menu_order":0,"comment_status":"closed","ping_status":"closed","template":"","meta":{"saved_in_kubio":false,"footnotes":""},"class_list":["post-152","page","type-page","status-publish","hentry"],"kubio_ai_page_context":{"short_desc":"","purpose":"general"},"_links":{"self":[{"href":"https:\/\/www.conte-sauvage.com\/index.php\/wp-json\/wp\/v2\/pages\/152","targetHints":{"allow":["GET"]}}],"collection":[{"href":"https:\/\/www.conte-sauvage.com\/index.php\/wp-json\/wp\/v2\/pages"}],"about":[{"href":"https:\/\/www.conte-sauvage.com\/index.php\/wp-json\/wp\/v2\/types\/page"}],"author":[{"embeddable":true,"href":"https:\/\/www.conte-sauvage.com\/index.php\/wp-json\/wp\/v2\/users\/1"}],"replies":[{"embeddable":true,"href":"https:\/\/www.conte-sauvage.com\/index.php\/wp-json\/wp\/v2\/comments?post=152"}],"version-history":[{"count":10,"href":"https:\/\/www.conte-sauvage.com\/index.php\/wp-json\/wp\/v2\/pages\/152\/revisions"}],"predecessor-version":[{"id":260,"href":"https:\/\/www.conte-sauvage.com\/index.php\/wp-json\/wp\/v2\/pages\/152\/revisions\/260"}],"wp:attachment":[{"href":"https:\/\/www.conte-sauvage.com\/index.php\/wp-json\/wp\/v2\/media?parent=152"}],"curies":[{"name":"wp","href":"https:\/\/api.w.org\/{rel}","templated":true}]}}