{"id":156,"date":"2025-03-01T10:14:42","date_gmt":"2025-03-01T09:14:42","guid":{"rendered":"http:\/\/www.conte-sauvage.com\/?page_id=156"},"modified":"2025-03-01T17:45:30","modified_gmt":"2025-03-01T16:45:30","slug":"coaching-par-les-contes","status":"publish","type":"page","link":"https:\/\/www.conte-sauvage.com\/index.php\/coaching-par-les-contes\/","title":{"rendered":"Coaching par les contes"},"content":{"rendered":"\n<div class=\"wp-block-columns is-layout-flex wp-container-core-columns-is-layout-28f84493 wp-block-columns-is-layout-flex\">\n<div class=\"wp-block-column is-layout-flow wp-block-column-is-layout-flow\">\n<p>Saviez-vous que la magie des contes peut vous aider \u00e0 trouver des r\u00e9ponses \u00e0 vos questionnements int\u00e9rieurs ?<\/p>\n\n\n\n<p>Je vous accompagne pour trouver votre r\u00e9ponse int\u00e9rieure gr\u00e2ce \u00e0 une m\u00e9thode claire et cr\u00e9ative : \u00ab La Voie des Contes \u00bb.<\/p>\n\n\n\n<p>Vous \u00eates&nbsp;le.la h\u00e9ros.h\u00e9ro\u00efne de votre qu\u00eate int\u00e9rieure. <\/p>\n\n\n\n<p>Comme dans les contes, votre questionnement vous met face \u00e0 un besoin, des dangers,\u2026 Les contes vous aident \u00e0 r\u00e9v\u00e9ler vos ressources pour surmonter le d\u00e9fi et \u00e0 trouver le d\u00e9sir-moteur pour grandir, rebondir, vous apaiser, vous motiver, selon votre probl\u00e9matique.<\/p>\n\n\n\n<p><\/p>\n<\/div>\n\n\n\n<div class=\"wp-block-column is-layout-flow wp-block-column-is-layout-flow\">\n<figure class=\"wp-block-image size-large\"><img loading=\"lazy\" decoding=\"async\" width=\"1024\" height=\"1024\" src=\"https:\/\/www.conte-sauvage.com\/wp-content\/uploads\/2025\/03\/IMG_3251-1024x1024.jpeg\" alt=\"\" class=\"wp-image-157\" srcset=\"https:\/\/www.conte-sauvage.com\/wp-content\/uploads\/2025\/03\/IMG_3251-1024x1024.jpeg 1024w, https:\/\/www.conte-sauvage.com\/wp-content\/uploads\/2025\/03\/IMG_3251-300x300.jpeg 300w, https:\/\/www.conte-sauvage.com\/wp-content\/uploads\/2025\/03\/IMG_3251-150x150.jpeg 150w, https:\/\/www.conte-sauvage.com\/wp-content\/uploads\/2025\/03\/IMG_3251-768x768.jpeg 768w, https:\/\/www.conte-sauvage.com\/wp-content\/uploads\/2025\/03\/IMG_3251-1536x1536.jpeg 1536w, https:\/\/www.conte-sauvage.com\/wp-content\/uploads\/2025\/03\/IMG_3251-2048x2048.jpeg 2048w, https:\/\/www.conte-sauvage.com\/wp-content\/uploads\/2025\/03\/IMG_3251-1080x1080.jpeg 1080w\" sizes=\"(max-width: 1024px) 100vw, 1024px\" \/><\/figure>\n<\/div>\n<\/div>\n\n\n\n<p>Cette m\u00e9thode a \u00e9t\u00e9 invent\u00e9e par Jean-Pascal Debailleul. Je m\u2019y suis form\u00e9e en 2019 avec une de ses \u00e9l\u00e8ves pour vous proposer un cadre structur\u00e9.&nbsp;<\/p>\n\n\n\n<div class=\"wp-block-columns is-layout-flex wp-container-core-columns-is-layout-28f84493 wp-block-columns-is-layout-flex\">\n<div class=\"wp-block-column is-layout-flow wp-block-column-is-layout-flow\">\n<div class=\"wp-block-columns is-layout-flex wp-container-core-columns-is-layout-28f84493 wp-block-columns-is-layout-flex\">\n<div class=\"wp-block-column is-layout-flow wp-block-column-is-layout-flow\">\n<figure class=\"wp-block-image size-large\"><img loading=\"lazy\" decoding=\"async\" width=\"1024\" height=\"1024\" src=\"https:\/\/www.conte-sauvage.com\/wp-content\/uploads\/2025\/02\/IMG_9507-1024x1024.jpeg\" alt=\"\" class=\"wp-image-22\" srcset=\"https:\/\/www.conte-sauvage.com\/wp-content\/uploads\/2025\/02\/IMG_9507-1024x1024.jpeg 1024w, https:\/\/www.conte-sauvage.com\/wp-content\/uploads\/2025\/02\/IMG_9507-300x300.jpeg 300w, https:\/\/www.conte-sauvage.com\/wp-content\/uploads\/2025\/02\/IMG_9507-150x150.jpeg 150w, https:\/\/www.conte-sauvage.com\/wp-content\/uploads\/2025\/02\/IMG_9507-768x768.jpeg 768w, https:\/\/www.conte-sauvage.com\/wp-content\/uploads\/2025\/02\/IMG_9507-1536x1536.jpeg 1536w, https:\/\/www.conte-sauvage.com\/wp-content\/uploads\/2025\/02\/IMG_9507-2048x2048.jpeg 2048w\" sizes=\"(max-width: 1024px) 100vw, 1024px\" \/><\/figure>\n<\/div>\n\n\n\n<div class=\"wp-block-column is-layout-flow wp-block-column-is-layout-flow\">\n<h3 class=\"wp-block-heading\">En pratique<\/h3>\n\n\n\n<ul class=\"wp-block-list\">\n<li>Dur\u00e9e : 2 \u00e0 3h<\/li>\n\n\n\n<li>Lieu : un lieu calme (chez vous, chez moi, dans la nature)<\/li>\n<\/ul>\n<\/div>\n\n\n\n<div class=\"wp-block-column is-layout-flow wp-block-column-is-layout-flow\"><\/div>\n<\/div>\n<\/div>\n<\/div>\n\n\n\n<p><\/p>\n\n\n\n<div class=\"wp-block-columns is-layout-flex wp-container-core-columns-is-layout-28f84493 wp-block-columns-is-layout-flex\">\n<div class=\"wp-block-column is-layout-flow wp-block-column-is-layout-flow\">\n<h3 class=\"wp-block-heading\">Les grandes \u00e9tapes <br>du d\u00e9roul\u00e9 <\/h3>\n\n\n\n<ul class=\"wp-block-list\">\n<li>Vous formalisez votre question<\/li>\n\n\n\n<li>Vous tirez un conte au sort et je vous guide avec l\u2019appui d\u2019un questionnaire pr\u00e9cis pour voir en quoi cela nourrit votre questionnement. Vous cherchez les r\u00e9sonances spontan\u00e9es.&nbsp;<\/li>\n\n\n\n<li>\u00c0 travers 3 nouvelles phases de tirage au sort vous pourrez aller de plus en plus loin dans votre qu\u00eate int\u00e9rieure.<\/li>\n\n\n\n<li>Suite \u00e0 la s\u00e9ance je vous remets la trame compl\u00e9t\u00e9e de votre s\u00e9ance pour m\u00e9moire.&nbsp;<\/li>\n\n\n\n<li>1 mois apr\u00e8s la s\u00e9ance nous faisons un point t\u00e9l\u00e9phonique \/ visio pour voir comment le travail agit en vous.<\/li>\n<\/ul>\n\n\n\n<h3 class=\"wp-block-heading\">Et les comptes ?<\/h3>\n\n\n\n<p>Forfait 90\u20ac.<\/p>\n<\/div>\n\n\n\n<div class=\"wp-block-column is-layout-flow wp-block-column-is-layout-flow\">\n<figure class=\"wp-block-image size-large\"><img loading=\"lazy\" decoding=\"async\" width=\"768\" height=\"1024\" src=\"https:\/\/www.conte-sauvage.com\/wp-content\/uploads\/2025\/02\/100_4020-768x1024.jpg\" alt=\"\" class=\"wp-image-29\" srcset=\"https:\/\/www.conte-sauvage.com\/wp-content\/uploads\/2025\/02\/100_4020-768x1024.jpg 768w, https:\/\/www.conte-sauvage.com\/wp-content\/uploads\/2025\/02\/100_4020-225x300.jpg 225w, https:\/\/www.conte-sauvage.com\/wp-content\/uploads\/2025\/02\/100_4020-1152x1536.jpg 1152w, https:\/\/www.conte-sauvage.com\/wp-content\/uploads\/2025\/02\/100_4020-1536x2048.jpg 1536w, https:\/\/www.conte-sauvage.com\/wp-content\/uploads\/2025\/02\/100_4020-scaled.jpg 1920w\" sizes=\"(max-width: 768px) 100vw, 768px\" \/><\/figure>\n<\/div>\n<\/div>\n\n\n\n<h3 class=\"wp-block-heading\"><\/h3>\n\n\n\n<blockquote class=\"wp-block-quote is-layout-flow wp-block-quote-is-layout-flow\">\n<p><strong>Et si vous faisiez confiance \u00e0 la r\u00e9sonance des contes pour vous accompagner dans votre qu\u00eate int\u00e9rieure ?&nbsp;<\/strong><\/p>\n<\/blockquote>\n\n\n\n<p>Contactez-moi pour en savoir plus \u00e0&nbsp;<a href=\"mailto:eloise@conte-sauvage.com\">eloise@conte-sauvage.com<\/a><\/p>\n\n\n\n<p><\/p>\n\n\n\n<p><\/p>\n","protected":false},"excerpt":{"rendered":"<p>Saviez-vous que la magie des contes peut vous aider \u00e0 trouver des r\u00e9ponses \u00e0 vos questionnements int\u00e9rieurs ? Je vous accompagne pour trouver votre r\u00e9ponse int\u00e9rieure gr\u00e2ce \u00e0 une m\u00e9thode claire et cr\u00e9ative : \u00ab La Voie des Contes \u00bb. Vous \u00eates&nbsp;le.la h\u00e9ros.h\u00e9ro\u00efne de votre qu\u00eate int\u00e9rieure. Comme dans les contes, votre questionnement vous met [&hellip;]<\/p>\n","protected":false},"author":1,"featured_media":0,"parent":0,"menu_order":0,"comment_status":"closed","ping_status":"closed","template":"","meta":{"saved_in_kubio":false,"footnotes":""},"class_list":["post-156","page","type-page","status-publish","hentry"],"kubio_ai_page_context":{"short_desc":"","purpose":"general"},"_links":{"self":[{"href":"https:\/\/www.conte-sauvage.com\/index.php\/wp-json\/wp\/v2\/pages\/156","targetHints":{"allow":["GET"]}}],"collection":[{"href":"https:\/\/www.conte-sauvage.com\/index.php\/wp-json\/wp\/v2\/pages"}],"about":[{"href":"https:\/\/www.conte-sauvage.com\/index.php\/wp-json\/wp\/v2\/types\/page"}],"author":[{"embeddable":true,"href":"https:\/\/www.conte-sauvage.com\/index.php\/wp-json\/wp\/v2\/users\/1"}],"replies":[{"embeddable":true,"href":"https:\/\/www.conte-sauvage.com\/index.php\/wp-json\/wp\/v2\/comments?post=156"}],"version-history":[{"count":6,"href":"https:\/\/www.conte-sauvage.com\/index.php\/wp-json\/wp\/v2\/pages\/156\/revisions"}],"predecessor-version":[{"id":248,"href":"https:\/\/www.conte-sauvage.com\/index.php\/wp-json\/wp\/v2\/pages\/156\/revisions\/248"}],"wp:attachment":[{"href":"https:\/\/www.conte-sauvage.com\/index.php\/wp-json\/wp\/v2\/media?parent=156"}],"curies":[{"name":"wp","href":"https:\/\/api.w.org\/{rel}","templated":true}]}}