{"id":174,"date":"2025-03-01T11:06:42","date_gmt":"2025-03-01T10:06:42","guid":{"rendered":"http:\/\/www.conte-sauvage.com\/?page_id=174"},"modified":"2025-03-22T17:45:49","modified_gmt":"2025-03-22T16:45:49","slug":"qui-suis-je-contactez-moi","status":"publish","type":"page","link":"https:\/\/www.conte-sauvage.com\/index.php\/qui-suis-je-contactez-moi\/","title":{"rendered":"Qui suis-je ? Contactez-moi"},"content":{"rendered":"\n<div class=\"wp-block-columns is-layout-flex wp-container-core-columns-is-layout-28f84493 wp-block-columns-is-layout-flex\">\n<div class=\"wp-block-column is-layout-flow wp-block-column-is-layout-flow\">\n<p>Bonjour, je suis Elo\u00efse Desseauve.<br>Depuis plus de 40 ans je d\u00e9vore des histoires. Elles m\u2019accompagnent et parfois, sans que je sache bien comment, elles me soignent.<\/p>\n\n\n\n<p>Un jour, j\u2019ai \u00e9crit un conte. Comme \u00e7a. J\u2019ai bien vu que ce conte parlait de mes souffrances mais d\u2019une mani\u00e8re si d\u00e9tourn\u00e9e qu\u2019elles n\u2019\u00e9taient plus si difficiles \u00e0 regarder.<\/p>\n\n\n\n<p>Et puis un jour, j\u2019ai \u00e9crit un conte pour un ami. J\u2019ai m\u00e9lang\u00e9 des choses qu\u2019il m\u2019avait dites avec des choses qu\u2019il ne m\u2019avait pas dites\u2026 C\u2019est ainsi que l\u2019aventure Conte sauvage a d\u00e9but\u00e9.&nbsp;<\/p>\n\n\n\n<p>Depuis je me suis form\u00e9e&nbsp;<\/p>\n\n\n\n<ul class=\"wp-block-list\">\n<li>\u00e0 l\u2019ARTEC sous la supervision de la conteuse H\u00e9l\u00e8ne Guers pour animer des ateliers de cr\u00e9ations<\/li>\n\n\n\n<li>\u00e0 la cr\u00e9ation d\u2019atelier d\u2019\u00e9criture au SLPJ<\/li>\n\n\n\n<li>ainsi qu\u2019\u00e0 la m\u00e9thode le Voie des contes cr\u00e9\u00e9e par Jean-Pascal Debailleul.&nbsp;<\/li>\n<\/ul>\n<\/div>\n\n\n\n<div class=\"wp-block-column is-layout-flow wp-block-column-is-layout-flow\">\n<figure class=\"wp-block-image size-large\"><img loading=\"lazy\" decoding=\"async\" width=\"768\" height=\"1024\" src=\"https:\/\/www.conte-sauvage.com\/wp-content\/uploads\/2025\/02\/dfcd3c96-daaa-40c6-baa6-2e7cc1ad8be8-768x1024.jpeg\" alt=\"\" class=\"wp-image-15\" srcset=\"https:\/\/www.conte-sauvage.com\/wp-content\/uploads\/2025\/02\/dfcd3c96-daaa-40c6-baa6-2e7cc1ad8be8-768x1023.jpeg 768w, https:\/\/www.conte-sauvage.com\/wp-content\/uploads\/2025\/02\/dfcd3c96-daaa-40c6-baa6-2e7cc1ad8be8-225x300.jpeg 225w, https:\/\/www.conte-sauvage.com\/wp-content\/uploads\/2025\/02\/dfcd3c96-daaa-40c6-baa6-2e7cc1ad8be8-1153x1536.jpeg 1153w, https:\/\/www.conte-sauvage.com\/wp-content\/uploads\/2025\/02\/dfcd3c96-daaa-40c6-baa6-2e7cc1ad8be8.jpeg 1200w\" sizes=\"(max-width: 768px) 100vw, 768px\" \/><\/figure>\n<\/div>\n<\/div>\n\n\n\n<p>Toujours en recherche de nouvelles voies de d\u00e9couverte de soi &amp; de cr\u00e9ativit\u00e9, en groupe ou seul.e, je suis \u00e9galement facilitatrice Dragon Dreaming, LEGO \u00ae SERIOUS PLAY ainsi que Design Fiction. Ces m\u00e9thodes ont pour point commun de&nbsp;<strong>jouer avec notre capacit\u00e9 d\u2019imagination et de l\u00e2cher-prise&nbsp;<\/strong>: nous sommes beaucoup plus cr\u00e9atifs que nous le croyons. C\u2019est mon travail de vous aider \u00e0 vous sentir suffisamment en confiance pour acc\u00e9der \u00e0 cette part de vous.&nbsp;<\/p>\n\n\n\n<p>Mon travail autour des contes s\u2019enrichit \u00e9galement de mon exp\u00e9rience en tant que<strong>&nbsp;consultante en communication<\/strong>. Depuis 20 ans j\u2019accompagne les marques pour mieux savoir qui elles sont et comment l\u2019exprimer plus clairement et de mani\u00e8re plus attractive (ce que l\u2019on nomme dans mon jargon professionnel \u00ab le storytelling \u00bb).<\/p>\n\n\n\n<p>Dans ce cadre j\u2019anime des&nbsp;<strong>ateliers de r\u00e9flexion collaborative<\/strong>, c\u2019est ce que je pr\u00e9f\u00e8re, ce que je trouve magique : voir chacun r\u00e9v\u00e9ler sa cr\u00e9ativit\u00e9 int\u00e9rieure !&nbsp;<\/p>\n\n\n\n<div class=\"wp-block-columns is-layout-flex wp-container-core-columns-is-layout-28f84493 wp-block-columns-is-layout-flex\">\n<div class=\"wp-block-column is-layout-flow wp-block-column-is-layout-flow\">\n<figure class=\"wp-block-image size-large\"><img loading=\"lazy\" decoding=\"async\" width=\"885\" height=\"1024\" src=\"https:\/\/www.conte-sauvage.com\/wp-content\/uploads\/2025\/03\/Eloise-Contesauvage-885x1024.jpeg\" alt=\"\" class=\"wp-image-177\" srcset=\"https:\/\/www.conte-sauvage.com\/wp-content\/uploads\/2025\/03\/Eloise-Contesauvage-885x1024.jpeg 885w, https:\/\/www.conte-sauvage.com\/wp-content\/uploads\/2025\/03\/Eloise-Contesauvage-259x300.jpeg 259w, https:\/\/www.conte-sauvage.com\/wp-content\/uploads\/2025\/03\/Eloise-Contesauvage-768x888.jpeg 768w, https:\/\/www.conte-sauvage.com\/wp-content\/uploads\/2025\/03\/Eloise-Contesauvage-1328x1536.jpeg 1328w, https:\/\/www.conte-sauvage.com\/wp-content\/uploads\/2025\/03\/Eloise-Contesauvage-1771x2048.jpeg 1771w, https:\/\/www.conte-sauvage.com\/wp-content\/uploads\/2025\/03\/Eloise-Contesauvage-934x1080.jpeg 934w\" sizes=\"(max-width: 885px) 100vw, 885px\" \/><\/figure>\n<\/div>\n\n\n\n<div class=\"wp-block-column is-layout-flow wp-block-column-is-layout-flow\">\n<h3 class=\"wp-block-heading\">Un livre n\u00e9 de ma passion des contes <\/h3>\n\n\n\n<p>\u201cO\u00f9 est le ciel ? Et autres contes sauvages\u201d&nbsp;<\/p>\n\n\n\n<h3 class=\"wp-block-heading\">Les fondements de mon travail reposent sur&nbsp;<\/h3>\n\n\n\n<ul class=\"wp-block-list\">\n<li>La conviction que tout le monde est cr\u00e9atif.<\/li>\n\n\n\n<li>Un respect pour la sagesse des contes traditionnels.<\/li>\n\n\n\n<li>La conviction que les histoires peuvent \u00eatre une aide sur notre chemin.<\/li>\n\n\n\n<li>L\u2019\u00e9thique : je prends tr\u00e8s au s\u00e9rieux le fait que vous acceptiez de partager avec moi un peu de votre monde int\u00e9rieur. Cela est pr\u00e9cieux.<\/li>\n<\/ul>\n\n\n\n<h3 class=\"wp-block-heading\">Contactez-moi<\/h3>\n\n\n\n<p>Pour toutes questions, \u00e9crivez-moi \u00e0 <a href=\"mailto:eloise@conte-sauvage.com\">eloise@conte-sauvage.com<\/a><\/p>\n<\/div>\n<\/div>\n\n\n\n<p><\/p>\n\n\n\n<p><\/p>\n\n\n\n<p><\/p>\n","protected":false},"excerpt":{"rendered":"<p>Bonjour, je suis Elo\u00efse Desseauve.Depuis plus de 40 ans je d\u00e9vore des histoires. Elles m\u2019accompagnent et parfois, sans que je sache bien comment, elles me soignent. Un jour, j\u2019ai \u00e9crit un conte. Comme \u00e7a. J\u2019ai bien vu que ce conte parlait de mes souffrances mais d\u2019une mani\u00e8re si d\u00e9tourn\u00e9e qu\u2019elles n\u2019\u00e9taient plus si difficiles \u00e0 [&hellip;]<\/p>\n","protected":false},"author":1,"featured_media":0,"parent":0,"menu_order":0,"comment_status":"closed","ping_status":"closed","template":"","meta":{"saved_in_kubio":false,"footnotes":""},"class_list":["post-174","page","type-page","status-publish","hentry"],"kubio_ai_page_context":{"short_desc":"","purpose":"general"},"_links":{"self":[{"href":"https:\/\/www.conte-sauvage.com\/index.php\/wp-json\/wp\/v2\/pages\/174","targetHints":{"allow":["GET"]}}],"collection":[{"href":"https:\/\/www.conte-sauvage.com\/index.php\/wp-json\/wp\/v2\/pages"}],"about":[{"href":"https:\/\/www.conte-sauvage.com\/index.php\/wp-json\/wp\/v2\/types\/page"}],"author":[{"embeddable":true,"href":"https:\/\/www.conte-sauvage.com\/index.php\/wp-json\/wp\/v2\/users\/1"}],"replies":[{"embeddable":true,"href":"https:\/\/www.conte-sauvage.com\/index.php\/wp-json\/wp\/v2\/comments?post=174"}],"version-history":[{"count":7,"href":"https:\/\/www.conte-sauvage.com\/index.php\/wp-json\/wp\/v2\/pages\/174\/revisions"}],"predecessor-version":[{"id":263,"href":"https:\/\/www.conte-sauvage.com\/index.php\/wp-json\/wp\/v2\/pages\/174\/revisions\/263"}],"wp:attachment":[{"href":"https:\/\/www.conte-sauvage.com\/index.php\/wp-json\/wp\/v2\/media?parent=174"}],"curies":[{"name":"wp","href":"https:\/\/api.w.org\/{rel}","templated":true}]}}